{"id":116,"date":"2022-08-16T17:30:15","date_gmt":"2022-08-16T15:30:15","guid":{"rendered":"https:\/\/www.font-bardolet.art\/?page_id=116"},"modified":"2022-08-20T17:51:38","modified_gmt":"2022-08-20T15:51:38","slug":"ueber-mich","status":"publish","type":"page","link":"https:\/\/www.font-bardolet.art\/?page_id=116","title":{"rendered":"\u00dcber mich"},"content":{"rendered":"\n<div style=\"height:50px\" aria-hidden=\"true\" class=\"wp-block-spacer\"><\/div>\n\n\n\n<div class=\"wp-block-media-text alignwide is-stacked-on-mobile\" style=\"grid-template-columns:27% auto\"><figure class=\"wp-block-media-text__media\"><img data-recalc-dims=\"1\" loading=\"lazy\" decoding=\"async\" width=\"683\" height=\"1024\" data-attachment-id=\"328\" data-permalink=\"https:\/\/www.font-bardolet.art\/?attachment_id=328\" data-orig-file=\"https:\/\/i0.wp.com\/www.font-bardolet.art\/wp-content\/uploads\/2022\/08\/EsterPortraitLehnen_L1010240.jpg?fit=1365%2C2048&amp;ssl=1\" data-orig-size=\"1365,2048\" data-comments-opened=\"0\" data-image-meta=\"{&quot;aperture&quot;:&quot;0&quot;,&quot;credit&quot;:&quot;&quot;,&quot;camera&quot;:&quot;&quot;,&quot;caption&quot;:&quot;&quot;,&quot;created_timestamp&quot;:&quot;0&quot;,&quot;copyright&quot;:&quot;Thomas Parb - openmindfilm&quot;,&quot;focal_length&quot;:&quot;0&quot;,&quot;iso&quot;:&quot;0&quot;,&quot;shutter_speed&quot;:&quot;0&quot;,&quot;title&quot;:&quot;&quot;,&quot;orientation&quot;:&quot;0&quot;}\" data-image-title=\"EsterPortraitLehnen_L1010240\" data-image-description=\"\" data-image-caption=\"\" data-medium-file=\"https:\/\/i0.wp.com\/www.font-bardolet.art\/wp-content\/uploads\/2022\/08\/EsterPortraitLehnen_L1010240.jpg?fit=200%2C300&amp;ssl=1\" data-large-file=\"https:\/\/i0.wp.com\/www.font-bardolet.art\/wp-content\/uploads\/2022\/08\/EsterPortraitLehnen_L1010240.jpg?fit=683%2C1024&amp;ssl=1\" src=\"https:\/\/i0.wp.com\/www.font-bardolet.art\/wp-content\/uploads\/2022\/08\/EsterPortraitLehnen_L1010240.jpg?resize=683%2C1024&#038;ssl=1\" alt=\"\" class=\"wp-image-328 size-full\" srcset=\"https:\/\/i0.wp.com\/www.font-bardolet.art\/wp-content\/uploads\/2022\/08\/EsterPortraitLehnen_L1010240.jpg?resize=683%2C1024&amp;ssl=1 683w, https:\/\/i0.wp.com\/www.font-bardolet.art\/wp-content\/uploads\/2022\/08\/EsterPortraitLehnen_L1010240.jpg?resize=200%2C300&amp;ssl=1 200w, https:\/\/i0.wp.com\/www.font-bardolet.art\/wp-content\/uploads\/2022\/08\/EsterPortraitLehnen_L1010240.jpg?resize=768%2C1152&amp;ssl=1 768w, https:\/\/i0.wp.com\/www.font-bardolet.art\/wp-content\/uploads\/2022\/08\/EsterPortraitLehnen_L1010240.jpg?resize=1024%2C1536&amp;ssl=1 1024w, https:\/\/i0.wp.com\/www.font-bardolet.art\/wp-content\/uploads\/2022\/08\/EsterPortraitLehnen_L1010240.jpg?resize=1200%2C1800&amp;ssl=1 1200w, https:\/\/i0.wp.com\/www.font-bardolet.art\/wp-content\/uploads\/2022\/08\/EsterPortraitLehnen_L1010240.jpg?w=1365&amp;ssl=1 1365w\" sizes=\"auto, (max-width: 683px) 100vw, 683px\" \/><\/figure><div class=\"wp-block-media-text__content\">\n<p><strong>Mein Name ist Ester Font-Bardolet, ich bin lyrische S\u00e4ngerin (Sopran) und Gesangsp\u00e4dagogin. Ich wurde in Vic (Katalonien) geboren und lebe seit 1998 in Wien. Ich bin die Mutter eines wunderbaren Sohnes und sehr gl\u00fccklich verheiratet.<\/strong><\/p>\n<\/div><\/div>\n\n\n\n<div style=\"height:44px\" aria-hidden=\"true\" class=\"wp-block-spacer\"><\/div>\n\n\n\n<div class=\"wp-block-columns is-layout-flex wp-container-core-columns-is-layout-9d6595d7 wp-block-columns-is-layout-flex\">\n<div class=\"wp-block-column is-layout-flow wp-block-column-is-layout-flow\">\n<p>Ich wuchs mit f\u00fcnf Geschwistern in einem Dorf namens Torell\u00f3 in den katalanischen Vorpyren\u00e4en auf. Im Alter von sieben Jahren begann ich meine musikalische Ausbildung an der Musikschule, lernte Klavier und nahm Unterricht in Musiktheorie. Sp\u00e4ter kamen andere F\u00e4cher hinzu, wie Harmonie, Kammermusik, Musikgeschichte und andere. All dies zusammen sollte meine musikalische Grundlage f\u00fcr meine Karriere als S\u00e4ngerin und K\u00fcnstlerin bilden. Im Alter von dreizehn Jahren begann ich mich f\u00fcr Gesang zu interessieren und belegte einige Kurse in Chorleitung. Schon bald hatte ich die M\u00f6glichkeit, das, was ich gelernt hatte, in der Kirche zu dirigieren und zu singen. Die Welt der Stimme war so besonders und faszinierend, dass ich mit siebzehn Jahren begann, Gesangsunterricht zu nehmen.<\/p>\n\n\n\n<div style=\"height:30px\" aria-hidden=\"true\" class=\"wp-block-spacer\"><\/div>\n\n\n\n<figure class=\"wp-block-image size-large\"><img data-recalc-dims=\"1\" loading=\"lazy\" decoding=\"async\" width=\"707\" height=\"1024\" data-attachment-id=\"526\" data-permalink=\"https:\/\/www.font-bardolet.art\/?attachment_id=526\" data-orig-file=\"https:\/\/i0.wp.com\/www.font-bardolet.art\/wp-content\/uploads\/2022\/08\/Ester-Klavier-Kind-matt-scaled.jpg?fit=1767%2C2560&amp;ssl=1\" data-orig-size=\"1767,2560\" data-comments-opened=\"0\" data-image-meta=\"{&quot;aperture&quot;:&quot;0&quot;,&quot;credit&quot;:&quot;&quot;,&quot;camera&quot;:&quot;&quot;,&quot;caption&quot;:&quot;&quot;,&quot;created_timestamp&quot;:&quot;0&quot;,&quot;copyright&quot;:&quot;&quot;,&quot;focal_length&quot;:&quot;0&quot;,&quot;iso&quot;:&quot;0&quot;,&quot;shutter_speed&quot;:&quot;0&quot;,&quot;title&quot;:&quot;&quot;,&quot;orientation&quot;:&quot;1&quot;}\" data-image-title=\"Ester-Klavier-Kind-matt\" data-image-description=\"\" data-image-caption=\"\" data-medium-file=\"https:\/\/i0.wp.com\/www.font-bardolet.art\/wp-content\/uploads\/2022\/08\/Ester-Klavier-Kind-matt-scaled.jpg?fit=207%2C300&amp;ssl=1\" data-large-file=\"https:\/\/i0.wp.com\/www.font-bardolet.art\/wp-content\/uploads\/2022\/08\/Ester-Klavier-Kind-matt-scaled.jpg?fit=707%2C1024&amp;ssl=1\" src=\"https:\/\/i0.wp.com\/www.font-bardolet.art\/wp-content\/uploads\/2022\/08\/Ester-Klavier-Kind-matt.jpg?resize=707%2C1024&#038;ssl=1\" alt=\"\" class=\"wp-image-526\" srcset=\"https:\/\/i0.wp.com\/www.font-bardolet.art\/wp-content\/uploads\/2022\/08\/Ester-Klavier-Kind-matt-scaled.jpg?resize=707%2C1024&amp;ssl=1 707w, https:\/\/i0.wp.com\/www.font-bardolet.art\/wp-content\/uploads\/2022\/08\/Ester-Klavier-Kind-matt-scaled.jpg?resize=207%2C300&amp;ssl=1 207w, https:\/\/i0.wp.com\/www.font-bardolet.art\/wp-content\/uploads\/2022\/08\/Ester-Klavier-Kind-matt-scaled.jpg?resize=768%2C1112&amp;ssl=1 768w, https:\/\/i0.wp.com\/www.font-bardolet.art\/wp-content\/uploads\/2022\/08\/Ester-Klavier-Kind-matt-scaled.jpg?resize=1060%2C1536&amp;ssl=1 1060w, https:\/\/i0.wp.com\/www.font-bardolet.art\/wp-content\/uploads\/2022\/08\/Ester-Klavier-Kind-matt-scaled.jpg?resize=1414%2C2048&amp;ssl=1 1414w, https:\/\/i0.wp.com\/www.font-bardolet.art\/wp-content\/uploads\/2022\/08\/Ester-Klavier-Kind-matt-scaled.jpg?resize=1200%2C1738&amp;ssl=1 1200w, https:\/\/i0.wp.com\/www.font-bardolet.art\/wp-content\/uploads\/2022\/08\/Ester-Klavier-Kind-matt-scaled.jpg?w=1767&amp;ssl=1 1767w\" sizes=\"auto, (max-width: 707px) 100vw, 707px\" \/><figcaption><em>mein erstes Vorspielen<\/em><\/figcaption><\/figure>\n<\/div>\n\n\n\n<div class=\"wp-block-column is-layout-flow wp-block-column-is-layout-flow\">\n<figure class=\"wp-block-image size-large is-resized\"><img data-recalc-dims=\"1\" loading=\"lazy\" decoding=\"async\" data-attachment-id=\"199\" data-permalink=\"https:\/\/www.font-bardolet.art\/?attachment_id=199\" data-orig-file=\"https:\/\/i0.wp.com\/www.font-bardolet.art\/wp-content\/uploads\/2022\/08\/Ester-Klavier-Teen.jpg?fit=2480%2C1748&amp;ssl=1\" data-orig-size=\"2480,1748\" data-comments-opened=\"0\" data-image-meta=\"{&quot;aperture&quot;:&quot;0&quot;,&quot;credit&quot;:&quot;&quot;,&quot;camera&quot;:&quot;&quot;,&quot;caption&quot;:&quot;&quot;,&quot;created_timestamp&quot;:&quot;0&quot;,&quot;copyright&quot;:&quot;&quot;,&quot;focal_length&quot;:&quot;0&quot;,&quot;iso&quot;:&quot;0&quot;,&quot;shutter_speed&quot;:&quot;0&quot;,&quot;title&quot;:&quot;&quot;,&quot;orientation&quot;:&quot;1&quot;}\" data-image-title=\"Ester-Klavier-Teen\" data-image-description=\"\" data-image-caption=\"\" data-medium-file=\"https:\/\/i0.wp.com\/www.font-bardolet.art\/wp-content\/uploads\/2022\/08\/Ester-Klavier-Teen.jpg?fit=300%2C211&amp;ssl=1\" data-large-file=\"https:\/\/i0.wp.com\/www.font-bardolet.art\/wp-content\/uploads\/2022\/08\/Ester-Klavier-Teen.jpg?fit=1024%2C722&amp;ssl=1\" src=\"https:\/\/i0.wp.com\/www.font-bardolet.art\/wp-content\/uploads\/2022\/08\/Ester-Klavier-Teen.jpg?resize=402%2C284&#038;ssl=1\" alt=\"\" class=\"wp-image-199\" width=\"402\" height=\"284\" srcset=\"https:\/\/i0.wp.com\/www.font-bardolet.art\/wp-content\/uploads\/2022\/08\/Ester-Klavier-Teen.jpg?resize=1024%2C722&amp;ssl=1 1024w, https:\/\/i0.wp.com\/www.font-bardolet.art\/wp-content\/uploads\/2022\/08\/Ester-Klavier-Teen.jpg?resize=300%2C211&amp;ssl=1 300w, https:\/\/i0.wp.com\/www.font-bardolet.art\/wp-content\/uploads\/2022\/08\/Ester-Klavier-Teen.jpg?resize=768%2C541&amp;ssl=1 768w, https:\/\/i0.wp.com\/www.font-bardolet.art\/wp-content\/uploads\/2022\/08\/Ester-Klavier-Teen.jpg?resize=1536%2C1083&amp;ssl=1 1536w, https:\/\/i0.wp.com\/www.font-bardolet.art\/wp-content\/uploads\/2022\/08\/Ester-Klavier-Teen.jpg?resize=2048%2C1444&amp;ssl=1 2048w, https:\/\/i0.wp.com\/www.font-bardolet.art\/wp-content\/uploads\/2022\/08\/Ester-Klavier-Teen.jpg?resize=1200%2C846&amp;ssl=1 1200w\" sizes=\"auto, (max-width: 402px) 100vw, 402px\" \/><figcaption><em>meine ersten Gesangsstunden<\/em><\/figcaption><\/figure>\n\n\n\n<div style=\"height:30px\" aria-hidden=\"true\" class=\"wp-block-spacer\"><\/div>\n\n\n\n<p>1997 schloss ich mein Studium als Gesangslehrerin am Konservatorium von Barcelona ab. Im selben Jahr, entschloss ich mich, mein Studium in Wien fortzusetzen und meine Kenntnisse zu vertiefen. Meine Hauptmotivation war mein Interesse am deutschen Kunstlied, Ich wollte mehr \u00fcber den kulturellen Inhalt der Welt der klassischen Musik erfahren und die Sprache dieses faszinierenden Genres, des deutschen Kunstliedes, lernen und verstehen. In Wien angekommen, studierte ich Gesang an der Hochschule f\u00fcr Musik und darstellende Kunst, heute mdw, und schloss 2004 mit Diplom ab. Die Erfahrungen, die ich als S\u00e4ngerin sammeln konnte, waren gro\u00dfartig. Ich habe unter anderem mit dem Arnold Sch\u00f6nberg Chor und der Neuen Oper Wien gesungen. Gleichzeitig habe ich zahlreiche Soloprogramme pr\u00e4sentiert und durfte mit au\u00dfergew\u00f6hnlichen Pianisten zusammenarbeiten. Heute habe ich das Privileg, meine Leidenschaft f\u00fcr Stimme und Musik, als Gesangslehrerin an der Musikschule Eggenburg und an die Gesangssch\u00fclerInnen des BORG St.P\u00f6lten weiterzugeben. Als K\u00fcnstlerin engagiere ich mich gerne als Ideengeberin und Organisatorin von verschiedenen Veranstaltungen, bei denen meine Gesangssch\u00fcler ihre Talente entfalten und pr\u00e4sentieren k\u00f6nnen. Als S\u00e4ngerin finde ich viel Ausdruck in der zeitgen\u00f6ssischen Musiksprache und bin st\u00e4ndig auf der Suche nach neuen Programmen mit interessanten Inhalten f\u00fcr das Publikum. K\u00fcrzlich habe ich zusammen mit meinem Mann den <em>vibria | Kunst- und Kulturverein<\/em> mit Sitz in Wien gegr\u00fcndet, der sich f\u00fcr die F\u00f6rderung und Vermittlung der Kultur und ihrer Werte in der modernen Gesellschaft einsetzt.<\/p>\n<\/div>\n<\/div>\n\n\n\n<div style=\"height:50px\" aria-hidden=\"true\" class=\"wp-block-spacer\"><\/div>\n\n\n<div class=\"wp-block-image\">\n<figure class=\"aligncenter size-thumbnail is-resized\"><a href=\"https:\/\/www.font-bardolet.art\"><img data-recalc-dims=\"1\" loading=\"lazy\" decoding=\"async\" data-attachment-id=\"16\" data-permalink=\"https:\/\/www.font-bardolet.art\/?attachment_id=16\" data-orig-file=\"https:\/\/i0.wp.com\/www.font-bardolet.art\/wp-content\/uploads\/2022\/08\/cropped-logo-font-bardolet_1000px-1.png?fit=1024%2C1024&amp;ssl=1\" data-orig-size=\"1024,1024\" data-comments-opened=\"0\" data-image-meta=\"{&quot;aperture&quot;:&quot;0&quot;,&quot;credit&quot;:&quot;&quot;,&quot;camera&quot;:&quot;&quot;,&quot;caption&quot;:&quot;&quot;,&quot;created_timestamp&quot;:&quot;0&quot;,&quot;copyright&quot;:&quot;&quot;,&quot;focal_length&quot;:&quot;0&quot;,&quot;iso&quot;:&quot;0&quot;,&quot;shutter_speed&quot;:&quot;0&quot;,&quot;title&quot;:&quot;&quot;,&quot;orientation&quot;:&quot;0&quot;}\" data-image-title=\"cropped-logo-font-bardolet_1000px-1.png\" data-image-description=\"&lt;p&gt;https:\/\/www.font-bardolet.art\/wp-content\/uploads\/2022\/08\/cropped-logo-font-bardolet_1000px-1.png&lt;\/p&gt;\n\" data-image-caption=\"\" data-medium-file=\"https:\/\/i0.wp.com\/www.font-bardolet.art\/wp-content\/uploads\/2022\/08\/cropped-logo-font-bardolet_1000px-1.png?fit=300%2C300&amp;ssl=1\" data-large-file=\"https:\/\/i0.wp.com\/www.font-bardolet.art\/wp-content\/uploads\/2022\/08\/cropped-logo-font-bardolet_1000px-1.png?fit=1024%2C1024&amp;ssl=1\" src=\"https:\/\/i0.wp.com\/www.font-bardolet.art\/wp-content\/uploads\/2022\/08\/cropped-logo-font-bardolet_1000px-1.png?resize=50%2C50&#038;ssl=1\" alt=\"\" class=\"wp-image-16\" width=\"50\" height=\"50\" srcset=\"https:\/\/i0.wp.com\/www.font-bardolet.art\/wp-content\/uploads\/2022\/08\/cropped-logo-font-bardolet_1000px-1.png?resize=150%2C150&amp;ssl=1 150w, https:\/\/i0.wp.com\/www.font-bardolet.art\/wp-content\/uploads\/2022\/08\/cropped-logo-font-bardolet_1000px-1.png?resize=300%2C300&amp;ssl=1 300w, https:\/\/i0.wp.com\/www.font-bardolet.art\/wp-content\/uploads\/2022\/08\/cropped-logo-font-bardolet_1000px-1.png?resize=768%2C768&amp;ssl=1 768w, https:\/\/i0.wp.com\/www.font-bardolet.art\/wp-content\/uploads\/2022\/08\/cropped-logo-font-bardolet_1000px-1.png?w=1024&amp;ssl=1 1024w\" sizes=\"auto, (max-width: 50px) 100vw, 50px\" \/><\/a><\/figure>\n<\/div>\n\n\n<div style=\"height:50px\" aria-hidden=\"true\" class=\"wp-block-spacer\"><\/div>\n","protected":false},"excerpt":{"rendered":"<p>Mein Name ist Ester Font-Bardolet, ich bin lyrische S\u00e4ngerin (Sopran) und Gesangsp\u00e4dagogin. Ich wurde in Vic (Katalonien) geboren und lebe seit 1998 in Wien. Ich bin die Mutter eines wunderbaren Sohnes und sehr gl\u00fccklich verheiratet. Ich wuchs mit f\u00fcnf Geschwistern in einem Dorf namens Torell\u00f3 in den katalanischen Vorpyren\u00e4en auf. Im Alter von sieben Jahren begann ich meine musikalische Ausbildung an der Musikschule, lernte Klavier und nahm Unterricht in Musiktheorie. Sp\u00e4ter kamen andere F\u00e4cher hinzu, wie Harmonie, Kammermusik, Musikgeschichte und<a class=\"more-link\" href=\"https:\/\/www.font-bardolet.art\/?page_id=116\"><span data-hover=\"Read More\">Read More<\/span><\/a><\/p>\n","protected":false},"author":2,"featured_media":320,"parent":0,"menu_order":0,"comment_status":"closed","ping_status":"closed","template":"","meta":{"footnotes":""},"tags":[32],"class_list":["post-116","page","type-page","status-publish","has-post-thumbnail","hentry","tag-featured"],"jetpack_sharing_enabled":true,"_links":{"self":[{"href":"https:\/\/www.font-bardolet.art\/index.php?rest_route=\/wp\/v2\/pages\/116","targetHints":{"allow":["GET"]}}],"collection":[{"href":"https:\/\/www.font-bardolet.art\/index.php?rest_route=\/wp\/v2\/pages"}],"about":[{"href":"https:\/\/www.font-bardolet.art\/index.php?rest_route=\/wp\/v2\/types\/page"}],"author":[{"embeddable":true,"href":"https:\/\/www.font-bardolet.art\/index.php?rest_route=\/wp\/v2\/users\/2"}],"replies":[{"embeddable":true,"href":"https:\/\/www.font-bardolet.art\/index.php?rest_route=%2Fwp%2Fv2%2Fcomments&post=116"}],"version-history":[{"count":72,"href":"https:\/\/www.font-bardolet.art\/index.php?rest_route=\/wp\/v2\/pages\/116\/revisions"}],"predecessor-version":[{"id":627,"href":"https:\/\/www.font-bardolet.art\/index.php?rest_route=\/wp\/v2\/pages\/116\/revisions\/627"}],"wp:featuredmedia":[{"embeddable":true,"href":"https:\/\/www.font-bardolet.art\/index.php?rest_route=\/wp\/v2\/media\/320"}],"wp:attachment":[{"href":"https:\/\/www.font-bardolet.art\/index.php?rest_route=%2Fwp%2Fv2%2Fmedia&parent=116"}],"wp:term":[{"taxonomy":"post_tag","embeddable":true,"href":"https:\/\/www.font-bardolet.art\/index.php?rest_route=%2Fwp%2Fv2%2Ftags&post=116"}],"curies":[{"name":"wp","href":"https:\/\/api.w.org\/{rel}","templated":true}]}}