{"id":613,"date":"2022-08-19T12:00:39","date_gmt":"2022-08-19T10:00:39","guid":{"rendered":"https:\/\/www.font-bardolet.art\/?page_id=613"},"modified":"2022-08-19T12:01:02","modified_gmt":"2022-08-19T10:01:02","slug":"blog","status":"publish","type":"page","link":"https:\/\/www.font-bardolet.art\/?page_id=613","title":{"rendered":"Blog"},"content":{"rendered":"\n<div style=\"height:30px\" aria-hidden=\"true\" class=\"wp-block-spacer\"><\/div>\n\n\n<ul class=\"wp-block-latest-posts__list is-grid columns-3 has-dates wp-block-latest-posts\"><li><a class=\"wp-block-latest-posts__post-title\" href=\"https:\/\/www.font-bardolet.art\/?p=682\">Prima la musica 2025<\/a><time datetime=\"2025-02-27T11:20:00+01:00\" class=\"wp-block-latest-posts__post-date\">27. Feber 2025<\/time><div class=\"wp-block-latest-posts__post-excerpt\">Teilnahme an Prima la musica 2025 in der Wertungskategorie Vokalsensembles III mit einem ersten Preis und der Berechtigung zur Teilnahme am Bundeswettbewerb.<\/div><\/li>\n<li><a class=\"wp-block-latest-posts__post-title\" href=\"https:\/\/www.font-bardolet.art\/?p=684\">Wienerlieder und Melodien aus alten Zeiten<\/a><time datetime=\"2024-06-29T11:23:00+02:00\" class=\"wp-block-latest-posts__post-date\">29. Juni 2024<\/time><div class=\"wp-block-latest-posts__post-excerpt\">Auftritt im VIBRIA | Kunst- und Kuturverein mit Darbietung alter Melodien und Wienerliedern mit begleitender Lesung von Adria Just Font. Kompositionen von Robert Stolz, Nico Dostal, Franz Leh\u00e1r, Peter Kreuder, uvm\u2026<\/div><\/li>\n<li><a class=\"wp-block-latest-posts__post-title\" href=\"https:\/\/www.font-bardolet.art\/?p=677\">BORG Klassenabend<\/a><time datetime=\"2024-06-17T11:15:00+02:00\" class=\"wp-block-latest-posts__post-date\">17. Juni 2024<\/time><div class=\"wp-block-latest-posts__post-excerpt\">Klassenabend im Schubertsaal des BORG St.P\u00f6lten.<\/div><\/li>\n<li><a class=\"wp-block-latest-posts__post-title\" href=\"https:\/\/www.font-bardolet.art\/?p=675\">Konzert am Nachmittag<\/a><time datetime=\"2024-06-16T11:14:00+02:00\" class=\"wp-block-latest-posts__post-date\">16. Juni 2024<\/time><div class=\"wp-block-latest-posts__post-excerpt\">Konzert am Nachmittag mit Sologesang im Festsaal Eggenburg.<\/div><\/li>\n<li><a class=\"wp-block-latest-posts__post-title\" href=\"https:\/\/www.font-bardolet.art\/?p=669\">Lange Nacht der Ch\u00f6re 2024<\/a><time datetime=\"2024-05-08T11:11:00+02:00\" class=\"wp-block-latest-posts__post-date\">8. Mai 2024<\/time><div class=\"wp-block-latest-posts__post-excerpt\">Kurzkonzert des Frauenchores bei der ersten Lange Nacht der Ch\u00f6re in Krems.<\/div><\/li>\n<li><a class=\"wp-block-latest-posts__post-title\" href=\"https:\/\/www.font-bardolet.art\/?p=667\">BORG Klassenabend<\/a><time datetime=\"2024-02-26T11:09:00+01:00\" class=\"wp-block-latest-posts__post-date\">26. Feber 2024<\/time><div class=\"wp-block-latest-posts__post-excerpt\">Klassenabend im Schubertsaal des BORG St.P\u00f6lten.<\/div><\/li>\n<li><a class=\"wp-block-latest-posts__post-title\" href=\"https:\/\/www.font-bardolet.art\/?p=665\">Prima la musica 2024<\/a><time datetime=\"2024-02-25T11:07:00+01:00\" class=\"wp-block-latest-posts__post-date\">25. Feber 2024<\/time><div class=\"wp-block-latest-posts__post-excerpt\">Teilnahme an Prima la musica in der Wertungskategorie Sologesang III mit einem ersten Preis durch Miriam Kickinger.<\/div><\/li>\n<li><a class=\"wp-block-latest-posts__post-title\" href=\"https:\/\/www.font-bardolet.art\/?p=655\">Weihnachtskonzert<\/a><time datetime=\"2023-12-22T10:53:00+01:00\" class=\"wp-block-latest-posts__post-date\">22. Dezember 2023<\/time><div class=\"wp-block-latest-posts__post-excerpt\">&#8230;im Festsaal Eggenburg.<\/div><\/li>\n<li><a class=\"wp-block-latest-posts__post-title\" href=\"https:\/\/www.font-bardolet.art\/?p=653\">\u201ePrima la voce\u201c<\/a><time datetime=\"2023-12-03T10:52:00+01:00\" class=\"wp-block-latest-posts__post-date\">3. Dezember 2023<\/time><div class=\"wp-block-latest-posts__post-excerpt\">Konzert im Festsaal Eggenburg.<\/div><\/li>\n<li><a class=\"wp-block-latest-posts__post-title\" href=\"https:\/\/www.font-bardolet.art\/?p=680\">\u00dcbertrittspr\u00fcfungen Schuljahr 2023\/24<\/a><time datetime=\"2023-10-05T11:17:00+02:00\" class=\"wp-block-latest-posts__post-date\">5. Oktober 2023<\/time><div class=\"wp-block-latest-posts__post-excerpt\">Im Schuljahr 2023\/24 durfte ich zwei \u00dcbertrittspr\u00fcfungen in Bronze und zwei in Silber, in der Musikschule Eggenburg begleiten.<\/div><\/li>\n<li><a class=\"wp-block-latest-posts__post-title\" href=\"https:\/\/www.font-bardolet.art\/?p=663\">\u00d6sterreichisches Bundesjugendsingen 2023<\/a><time datetime=\"2023-06-28T11:02:00+02:00\" class=\"wp-block-latest-posts__post-date\">28. Juni 2023<\/time><div class=\"wp-block-latest-posts__post-excerpt\">Teilnahme am \u00d6sterreichischen Bundesjugendsingen in Klagenfurt mit dem Frauenchor.Erster Preis mit Auszeichung und Auszeichnung in Gold f\u00fcr Blattlesen.<\/div><\/li>\n<li><a class=\"wp-block-latest-posts__post-title\" href=\"https:\/\/www.font-bardolet.art\/?p=651\">Musical trifft Kirche<\/a><time datetime=\"2023-05-27T10:50:00+02:00\" class=\"wp-block-latest-posts__post-date\">27. Mai 2023<\/time><div class=\"wp-block-latest-posts__post-excerpt\">&#8230; in der Pfarrkirche Ziersdorf<\/div><\/li>\n<li><a class=\"wp-block-latest-posts__post-title\" href=\"https:\/\/www.font-bardolet.art\/?p=659\">Landesjugendsingen Nieder\u00f6sterreich 2023 &#8211; Unterstufenchor<\/a><time datetime=\"2023-04-19T10:58:00+02:00\" class=\"wp-block-latest-posts__post-date\">19. April 2023<\/time><div class=\"wp-block-latest-posts__post-excerpt\">Teilnahme am Landesjugendsingen Nieder\u00f6sterreich mit dem Unterstufenchor und dem Erhalt eines zweiten Preises.<\/div><\/li>\n<li><a class=\"wp-block-latest-posts__post-title\" href=\"https:\/\/www.font-bardolet.art\/?p=657\">Landesjugendsingen Nieder\u00f6sterreich 2023 &#8211; Frauenchor<\/a><time datetime=\"2023-04-17T10:56:00+02:00\" class=\"wp-block-latest-posts__post-date\">17. April 2023<\/time><div class=\"wp-block-latest-posts__post-excerpt\">Teilnahme am Landesjugendsingen Nieder\u00f6sterreich mit dem Frauenchor und dem Erreichen eines ersten Preises mit Auszeichung.<\/div><\/li>\n<li><a class=\"wp-block-latest-posts__post-title\" href=\"https:\/\/www.font-bardolet.art\/?p=242\">ICVT 2022 in Wien<\/a><time datetime=\"2022-08-12T23:47:19+02:00\" class=\"wp-block-latest-posts__post-date\">12. August 2022<\/time><div class=\"wp-block-latest-posts__post-excerpt\">ICVT &#8211; International Congress of Voice Teachers Ein absolut bereichernder Kongress mit vielen neuen und netten Kontakten. Mehrere Tage ein spannendes Programm, erstklassig pr\u00e4sentiert von den vielen internationalen Vortragenden. Freue mich schon auf den n\u00e4chsten ICVT in Toronto in vier Jahren! Einen herzlichen Dank an die evta austria f\u00fcr die Einladung.<\/div><\/li>\n<li><a class=\"wp-block-latest-posts__post-title\" href=\"https:\/\/www.font-bardolet.art\/?p=279\">vibria &#8211; Kunst &#038; Kulturverein<\/a><time datetime=\"2022-07-16T20:00:06+02:00\" class=\"wp-block-latest-posts__post-date\">16. Juli 2022<\/time><div class=\"wp-block-latest-posts__post-excerpt\">Wir haben unseren eigenen Kulturverein! Endlich haben wir (mein Mann und ich) unseren gemeinsamen Kulturverein gegr\u00fcndet. Der Name VIBRIA gr\u00fcndet auf einer Sagenfigur aus der katalanischen Mythologie &#8211; ein Frauendrache, welcher eindeutig an ihren Br\u00fcsten erkennbar ist. Dieser Drache dient uns sogleich auch als Logo f\u00fcr den Verrein und soll uns mit einem guten Spirit<a class=\"more-link\" href=\"https:\/\/www.font-bardolet.art\/?p=279\"><span data-hover=\"Read More\">Read More<\/span><\/a><\/div><\/li>\n<li><a class=\"wp-block-latest-posts__post-title\" href=\"https:\/\/www.font-bardolet.art\/?p=550\">Junge Stimmen am Werk<\/a><time datetime=\"2022-06-12T21:39:00+02:00\" class=\"wp-block-latest-posts__post-date\">12. Juni 2022<\/time><div class=\"wp-block-latest-posts__post-excerpt\">Der Wert eines Auftrittes, f\u00fcr den angehenden S\u00e4nger oder S\u00e4ngerin, ist es sehr gro\u00df. Einerseits wird das bereits Gelernte befestigt und anderseits werden die darstellenden Fertigkeiten vor dem Publikum ge\u00fcbt. Es ist auch eine gute M\u00f6glichkeit und ein sehr wirksames Training, um Auftritts\u00e4ngste zu bek\u00e4mpfen. Es ist nicht nur f\u00fcr diejenigen wichtig, die eine Gesangskarriere<a class=\"more-link\" href=\"https:\/\/www.font-bardolet.art\/?p=550\"><span data-hover=\"Read More\">Read More<\/span><\/a><\/div><\/li>\n<li><a class=\"wp-block-latest-posts__post-title\" href=\"https:\/\/www.font-bardolet.art\/?p=166\">Voice &#038; Wine<\/a><time datetime=\"2019-04-27T20:00:28+02:00\" class=\"wp-block-latest-posts__post-date\">27. April 2019<\/time><div class=\"wp-block-latest-posts__post-excerpt\">Lieder und Wein &#8211; zum H\u00f6ren, Verkosten und Genie\u00dfen. Ein genu\u00dfvoller Abend in der LPSM Vinothek Heldenberg. Weine pr\u00e4sentiert von Erhard K\u00fchrer, Gesang von Erhard und Monika K\u00fchrer sowie Martin und Barbara Ruff. Ein Fest f\u00fcr alles Sinne und ein sehr gelungener Abend!<\/div><\/li>\n<li><a class=\"wp-block-latest-posts__post-title\" href=\"https:\/\/www.font-bardolet.art\/?p=191\">Die Mystische Welt des Gottfried von Einem und Franz Schubert<\/a><time datetime=\"2019-02-12T20:00:26+01:00\" class=\"wp-block-latest-posts__post-date\">12. Feber 2019<\/time><div class=\"wp-block-latest-posts__post-excerpt\">Ein wundersch\u00f6ner Konzertabend mit der ausgezeichneten Pianistin Margit Fussi. Als Gast durfte ich die wunderbare Lotte Ingrisch begr\u00fc\u00dfen, bekannterweise die Ehefrau des Komponisten Gottfried von Einem, f\u00fcr den sie auch etliche Libretti und Liedtexte schrieb. Am Programm standen Ausz\u00fcge aus \u201eWaldviertler Lieder\u201c Op.71 (1983), in denen zu erfahren ist, \u201eWie das Waldviertel zur Welt kam\u201c,<a class=\"more-link\" href=\"https:\/\/www.font-bardolet.art\/?p=191\"><span data-hover=\"Read More\">Read More<\/span><\/a><\/div><\/li>\n<li><a class=\"wp-block-latest-posts__post-title\" href=\"https:\/\/www.font-bardolet.art\/?p=645\">Adventskonzert mit Sologesang<\/a><time datetime=\"2017-12-17T10:44:00+01:00\" class=\"wp-block-latest-posts__post-date\">17. Dezember 2017<\/time><div class=\"wp-block-latest-posts__post-excerpt\">&#8230; in der Pfarrkirche Glaubendorf<\/div><\/li>\n<\/ul>\n\n\n<div style=\"height:30px\" aria-hidden=\"true\" class=\"wp-block-spacer\"><\/div>\n\n\n\n<hr class=\"wp-block-separator has-alpha-channel-opacity is-style-wide\"\/>\n\n\n\n<div class=\"wp-block-columns is-layout-flex wp-container-core-columns-is-layout-9d6595d7 wp-block-columns-is-layout-flex\">\n<div class=\"wp-block-column is-layout-flow wp-block-column-is-layout-flow\"><ul class=\"wp-block-categories-list wp-block-categories\">\t<li class=\"cat-item cat-item-1\"><a href=\"https:\/\/www.font-bardolet.art\/?cat=1\">allgemein<\/a>\n<\/li>\n\t<li class=\"cat-item cat-item-27\"><a href=\"https:\/\/www.font-bardolet.art\/?cat=27\">k\u00fcnstlerrisch<\/a>\n<\/li>\n\t<li class=\"cat-item cat-item-30\"><a href=\"https:\/\/www.font-bardolet.art\/?cat=30\">p\u00e4dagogisch<\/a>\n<\/li>\n\t<li class=\"cat-item cat-item-33\"><a href=\"https:\/\/www.font-bardolet.art\/?cat=33\">Wettbewerb<\/a>\n<\/li>\n<\/ul><\/div>\n\n\n\n<div class=\"wp-block-column is-layout-flow wp-block-column-is-layout-flow\"><div class=\"wp-block-image\">\n<figure class=\"aligncenter size-thumbnail is-resized\"><a href=\"https:\/\/www.font-bardolet.art\"><img data-recalc-dims=\"1\" loading=\"lazy\" decoding=\"async\" data-attachment-id=\"16\" data-permalink=\"https:\/\/www.font-bardolet.art\/?attachment_id=16\" data-orig-file=\"https:\/\/i0.wp.com\/www.font-bardolet.art\/wp-content\/uploads\/2022\/08\/cropped-logo-font-bardolet_1000px-1.png?fit=1024%2C1024&amp;ssl=1\" data-orig-size=\"1024,1024\" data-comments-opened=\"0\" data-image-meta=\"{&quot;aperture&quot;:&quot;0&quot;,&quot;credit&quot;:&quot;&quot;,&quot;camera&quot;:&quot;&quot;,&quot;caption&quot;:&quot;&quot;,&quot;created_timestamp&quot;:&quot;0&quot;,&quot;copyright&quot;:&quot;&quot;,&quot;focal_length&quot;:&quot;0&quot;,&quot;iso&quot;:&quot;0&quot;,&quot;shutter_speed&quot;:&quot;0&quot;,&quot;title&quot;:&quot;&quot;,&quot;orientation&quot;:&quot;0&quot;}\" data-image-title=\"cropped-logo-font-bardolet_1000px-1.png\" data-image-description=\"&lt;p&gt;https:\/\/www.font-bardolet.art\/wp-content\/uploads\/2022\/08\/cropped-logo-font-bardolet_1000px-1.png&lt;\/p&gt;\n\" data-image-caption=\"\" data-medium-file=\"https:\/\/i0.wp.com\/www.font-bardolet.art\/wp-content\/uploads\/2022\/08\/cropped-logo-font-bardolet_1000px-1.png?fit=300%2C300&amp;ssl=1\" data-large-file=\"https:\/\/i0.wp.com\/www.font-bardolet.art\/wp-content\/uploads\/2022\/08\/cropped-logo-font-bardolet_1000px-1.png?fit=1024%2C1024&amp;ssl=1\" src=\"https:\/\/i0.wp.com\/www.font-bardolet.art\/wp-content\/uploads\/2022\/08\/cropped-logo-font-bardolet_1000px-1.png?resize=50%2C50&#038;ssl=1\" alt=\"\" class=\"wp-image-16\" width=\"50\" height=\"50\" srcset=\"https:\/\/i0.wp.com\/www.font-bardolet.art\/wp-content\/uploads\/2022\/08\/cropped-logo-font-bardolet_1000px-1.png?resize=150%2C150&amp;ssl=1 150w, https:\/\/i0.wp.com\/www.font-bardolet.art\/wp-content\/uploads\/2022\/08\/cropped-logo-font-bardolet_1000px-1.png?resize=300%2C300&amp;ssl=1 300w, https:\/\/i0.wp.com\/www.font-bardolet.art\/wp-content\/uploads\/2022\/08\/cropped-logo-font-bardolet_1000px-1.png?resize=768%2C768&amp;ssl=1 768w, https:\/\/i0.wp.com\/www.font-bardolet.art\/wp-content\/uploads\/2022\/08\/cropped-logo-font-bardolet_1000px-1.png?w=1024&amp;ssl=1 1024w\" sizes=\"auto, (max-width: 50px) 100vw, 50px\" \/><\/a><\/figure>\n<\/div><\/div>\n\n\n\n<div class=\"wp-block-column is-layout-flow wp-block-column-is-layout-flow\"><ul class=\"wp-block-archives-list wp-block-archives\">\t<li><a href='https:\/\/www.font-bardolet.art\/?m=202502'>Feber 2025<\/a><\/li>\n\t<li><a href='https:\/\/www.font-bardolet.art\/?m=202406'>Juni 2024<\/a><\/li>\n\t<li><a href='https:\/\/www.font-bardolet.art\/?m=202405'>Mai 2024<\/a><\/li>\n\t<li><a href='https:\/\/www.font-bardolet.art\/?m=202402'>Feber 2024<\/a><\/li>\n\t<li><a href='https:\/\/www.font-bardolet.art\/?m=202312'>Dezember 2023<\/a><\/li>\n\t<li><a href='https:\/\/www.font-bardolet.art\/?m=202310'>Oktober 2023<\/a><\/li>\n\t<li><a href='https:\/\/www.font-bardolet.art\/?m=202306'>Juni 2023<\/a><\/li>\n\t<li><a href='https:\/\/www.font-bardolet.art\/?m=202305'>Mai 2023<\/a><\/li>\n\t<li><a href='https:\/\/www.font-bardolet.art\/?m=202304'>April 2023<\/a><\/li>\n\t<li><a href='https:\/\/www.font-bardolet.art\/?m=202208'>August 2022<\/a><\/li>\n\t<li><a href='https:\/\/www.font-bardolet.art\/?m=202207'>Juli 2022<\/a><\/li>\n\t<li><a href='https:\/\/www.font-bardolet.art\/?m=202206'>Juni 2022<\/a><\/li>\n\t<li><a href='https:\/\/www.font-bardolet.art\/?m=201904'>April 2019<\/a><\/li>\n\t<li><a href='https:\/\/www.font-bardolet.art\/?m=201902'>Feber 2019<\/a><\/li>\n\t<li><a href='https:\/\/www.font-bardolet.art\/?m=201712'>Dezember 2017<\/a><\/li>\n<\/ul><\/div>\n<\/div>\n","protected":false},"excerpt":{"rendered":"","protected":false},"author":2,"featured_media":0,"parent":0,"menu_order":0,"comment_status":"closed","ping_status":"closed","template":"","meta":{"footnotes":""},"tags":[],"class_list":["post-613","page","type-page","status-publish","hentry"],"jetpack_sharing_enabled":true,"_links":{"self":[{"href":"https:\/\/www.font-bardolet.art\/index.php?rest_route=\/wp\/v2\/pages\/613","targetHints":{"allow":["GET"]}}],"collection":[{"href":"https:\/\/www.font-bardolet.art\/index.php?rest_route=\/wp\/v2\/pages"}],"about":[{"href":"https:\/\/www.font-bardolet.art\/index.php?rest_route=\/wp\/v2\/types\/page"}],"author":[{"embeddable":true,"href":"https:\/\/www.font-bardolet.art\/index.php?rest_route=\/wp\/v2\/users\/2"}],"replies":[{"embeddable":true,"href":"https:\/\/www.font-bardolet.art\/index.php?rest_route=%2Fwp%2Fv2%2Fcomments&post=613"}],"version-history":[{"count":11,"href":"https:\/\/www.font-bardolet.art\/index.php?rest_route=\/wp\/v2\/pages\/613\/revisions"}],"predecessor-version":[{"id":625,"href":"https:\/\/www.font-bardolet.art\/index.php?rest_route=\/wp\/v2\/pages\/613\/revisions\/625"}],"wp:attachment":[{"href":"https:\/\/www.font-bardolet.art\/index.php?rest_route=%2Fwp%2Fv2%2Fmedia&parent=613"}],"wp:term":[{"taxonomy":"post_tag","embeddable":true,"href":"https:\/\/www.font-bardolet.art\/index.php?rest_route=%2Fwp%2Fv2%2Ftags&post=613"}],"curies":[{"name":"wp","href":"https:\/\/api.w.org\/{rel}","templated":true}]}}